{"id":593,"date":"2023-08-20T15:11:53","date_gmt":"2023-08-20T14:11:53","guid":{"rendered":"https:\/\/keen-hugle.185-132-38-6.plesk.page\/?post_type=product&#038;p=593"},"modified":"2023-08-20T15:11:53","modified_gmt":"2023-08-20T14:11:53","slug":"highland-park-valfather-50ml-47","status":"publish","type":"product","link":"https:\/\/mercurialswhiskyclub.com\/?product=highland-park-valfather-50ml-47","title":{"rendered":"Highland Park Valfather (50ml 47%)"},"content":{"rendered":"<h3 id=\"bottlingNoteH3\" class=\"bottlingNoteH3\">Highland Park Valfather Bottling Note<\/h3>\n<div>\n<p>The final bottling from the Viking Legend series, Valfather was named after the Norse god Odin. It&#8217;s the most peated whisky to date from Highland Park, a style designed to mimic Odin&#8217;s power. Valfather was matured in refill casks in order to balance the peatiness and also because the brand supposedly wanted to mirror the ethereal and lighter feel of Valhalla, Odin\u2019s hall. It was bottled at 47% ABV without any additional colouring.<\/p>\n<p>Danish designer Jim Lyngvild returned to help create the distinctive packaging, the inspiration of which was the ancient picture stones from Stora Hammars in Gotland, Sweden.<\/p>\n<h3>Tasting Note:<\/h3>\n<div id=\"ContentPlaceHolder1_ctl00_ctl02_TastingNoteBox_ctl00_productTastingNote2\">\n<div id=\"ContentPlaceHolder1_ctl00_ctl02_TastingNoteBox_ctl00_breakDownTastingNote\">\n<p id=\"ContentPlaceHolder1_ctl00_ctl02_TastingNoteBox_ctl00_noseTastingNote\" class=\"pageCopy\"><b>Nose:<\/b>\u00a0Robust, but refined smoke fills the nose initially followed by delicate vanilla, Conference pears, green apple skins and a heady, heavy floral richness. Underneath there\u2019s cedarwood, honeycomb, spice from black pepper and nutmeg, as well as salted caramel before the heathery peat makes itself known. A sprightly sea breeze note emerges with time.<\/p>\n<p id=\"ContentPlaceHolder1_ctl00_ctl02_TastingNoteBox_ctl00_palateTastingNote\" class=\"pageCopy\"><b>Palate:<\/b>\u00a0Simultaneously huge and yet elegant, the palate is beautifully integrated. Layers of creamy vanilla, apricot yoghurt and a helping of cr\u00e8me br\u00fbl\u00e9e interplay with notes of incense burners, iron and salted almonds. Then there\u2019s bitter orange marmalade, charred wood and dried earth among touches of cacao powder, toffee apples and smoked paprika.<\/p>\n<p id=\"ContentPlaceHolder1_ctl00_ctl02_TastingNoteBox_ctl00_finishTastingNote\" class=\"pageCopy\"><b>Finish:<\/b>\u00a0Long and confident. The floral smoke lingers for an age but is offset by tropical fruit and black pepper.<\/p>\n<\/div>\n<\/div>\n<\/div>\n","protected":false},"excerpt":{"rendered":"<p>Highland Park Valfather Bottling Note The final bottling from the Viking Legend series, Valfather was named after the Norse god Odin. It&#8217;s the most peated whisky to date from Highland Park, a style designed to mimic Odin&#8217;s power. Valfather was matured in refill casks in order to balance the peatiness and also because the brand<a class=\"more-link\" href=\"https:\/\/mercurialswhiskyclub.com\/?product=highland-park-valfather-50ml-47\">Continue reading <span class=\"screen-reader-text\">&#8220;Highland Park Valfather (50ml 47%)&#8221;<\/span><\/a><\/p>\n","protected":false},"featured_media":496,"comment_status":"open","ping_status":"closed","template":"","meta":[],"product_brand":[],"product_cat":[20],"product_tag":[105,130,101],"class_list":{"0":"post-593","1":"product","2":"type-product","3":"status-publish","4":"has-post-thumbnail","6":"product_cat-islands","7":"product_tag-single-malt","8":"product_tag-special-edition","9":"product_tag-whisky","10":"entry","12":"first","13":"instock","14":"shipping-taxable","15":"product-type-simple"},"_links":{"self":[{"href":"https:\/\/mercurialswhiskyclub.com\/index.php?rest_route=\/wp\/v2\/product\/593","targetHints":{"allow":["GET"]}}],"collection":[{"href":"https:\/\/mercurialswhiskyclub.com\/index.php?rest_route=\/wp\/v2\/product"}],"about":[{"href":"https:\/\/mercurialswhiskyclub.com\/index.php?rest_route=\/wp\/v2\/types\/product"}],"replies":[{"embeddable":true,"href":"https:\/\/mercurialswhiskyclub.com\/index.php?rest_route=%2Fwp%2Fv2%2Fcomments&post=593"}],"wp:featuredmedia":[{"embeddable":true,"href":"https:\/\/mercurialswhiskyclub.com\/index.php?rest_route=\/wp\/v2\/media\/496"}],"wp:attachment":[{"href":"https:\/\/mercurialswhiskyclub.com\/index.php?rest_route=%2Fwp%2Fv2%2Fmedia&parent=593"}],"wp:term":[{"taxonomy":"product_brand","embeddable":true,"href":"https:\/\/mercurialswhiskyclub.com\/index.php?rest_route=%2Fwp%2Fv2%2Fproduct_brand&post=593"},{"taxonomy":"product_cat","embeddable":true,"href":"https:\/\/mercurialswhiskyclub.com\/index.php?rest_route=%2Fwp%2Fv2%2Fproduct_cat&post=593"},{"taxonomy":"product_tag","embeddable":true,"href":"https:\/\/mercurialswhiskyclub.com\/index.php?rest_route=%2Fwp%2Fv2%2Fproduct_tag&post=593"}],"curies":[{"name":"wp","href":"https:\/\/api.w.org\/{rel}","templated":true}]}}